{"id":44,"date":"2023-01-25T16:05:21","date_gmt":"2023-01-25T15:05:21","guid":{"rendered":"https:\/\/wordpress.p634744.webspaceconfig.de\/?page_id=44"},"modified":"2023-02-20T12:06:26","modified_gmt":"2023-02-20T11:06:26","slug":"preise","status":"publish","type":"page","link":"https:\/\/smartangel.ch\/it\/preise\/","title":{"rendered":"Prezzi"},"content":{"rendered":"<div data-elementor-type=\"wp-page\" data-elementor-id=\"44\" class=\"elementor elementor-44\" data-elementor-post-type=\"page\">\n\t\t\t\t\t\t<section class=\"elementor-section elementor-top-section elementor-element elementor-element-cbd1783 eingerueckt bg_white elementor-section-boxed elementor-section-height-default elementor-section-height-default\" data-id=\"cbd1783\" data-element_type=\"section\" data-e-type=\"section\">\n\t\t\t\t\t\t<div class=\"elementor-container elementor-column-gap-default\">\n\t\t\t\t\t<div class=\"elementor-column elementor-col-100 elementor-top-column elementor-element elementor-element-49f5291\" data-id=\"49f5291\" data-element_type=\"column\" data-e-type=\"column\">\n\t\t\t<div class=\"elementor-widget-wrap elementor-element-populated\">\n\t\t\t\t\t\t<div class=\"elementor-element elementor-element-18474ed elementor-widget elementor-widget-text-editor\" data-id=\"18474ed\" data-element_type=\"widget\" data-e-type=\"widget\" data-widget_type=\"text-editor.default\">\n\t\t\t\t<div class=\"elementor-widget-container\">\n\t\t\t\t\t\t\t\t\t<h1>smartangel\u00ae - anche celeste buono nel prezzo<\/h1><p>La salute e la sicurezza personale non devono essere necessariamente costose. Vi offriamo un sistema di abbonamento trasparente, senza costi nascosti e a un prezzo equamente calcolato.<\/p>\t\t\t\t\t\t\t\t<\/div>\n\t\t\t\t<\/div>\n\t\t\t\t<div class=\"elementor-element elementor-element-8c164b5 elementor-widget elementor-widget-image\" data-id=\"8c164b5\" data-element_type=\"widget\" data-e-type=\"widget\" data-widget_type=\"image.default\">\n\t\t\t\t<div class=\"elementor-widget-container\">\n\t\t\t\t\t\t\t\t\t\t\t\t\t\t\t<img fetchpriority=\"high\" decoding=\"async\" width=\"456\" height=\"176\" src=\"https:\/\/smartangel.ch\/wp-content\/uploads\/Gruppe-465.png\" class=\"attachment-full size-full wp-image-378\" alt=\"\" srcset=\"https:\/\/smartangel.ch\/wp-content\/uploads\/Gruppe-465.png 456w, https:\/\/smartangel.ch\/wp-content\/uploads\/Gruppe-465-300x116.png 300w\" sizes=\"(max-width: 456px) 100vw, 456px\" \/>\t\t\t\t\t\t\t\t\t\t\t\t\t\t\t<\/div>\n\t\t\t\t<\/div>\n\t\t\t\t<div class=\"elementor-element elementor-element-3fb1298 elementor-widget elementor-widget-text-editor\" data-id=\"3fb1298\" data-element_type=\"widget\" data-e-type=\"widget\" data-widget_type=\"text-editor.default\">\n\t\t\t\t<div class=\"elementor-widget-container\">\n\t\t\t\t\t\t\t\t\t<p>Prezzo uniforme per ANG1 e ANG2. Tutti gli abbonamenti sono all-inclusive per la Svizzera. Nessun costo aggiuntivo o moduli con sovrapprezzo! Tutti i prezzi sono da intendersi IVA esclusa.<\/p>\t\t\t\t\t\t\t\t<\/div>\n\t\t\t\t<\/div>\n\t\t\t\t\t<\/div>\n\t\t<\/div>\n\t\t\t\t\t<\/div>\n\t\t<\/section>\n\t\t\t\t<section class=\"elementor-section elementor-top-section elementor-element elementor-element-a1576ad bottomminus116 elementor-section-full_width elementor-section-height-default elementor-section-height-default\" data-id=\"a1576ad\" data-element_type=\"section\" data-e-type=\"section\">\n\t\t\t\t\t\t<div class=\"elementor-container elementor-column-gap-no\">\n\t\t\t\t\t<div class=\"elementor-column elementor-col-100 elementor-top-column elementor-element elementor-element-46708ee\" data-id=\"46708ee\" data-element_type=\"column\" data-e-type=\"column\">\n\t\t\t<div class=\"elementor-widget-wrap elementor-element-populated\">\n\t\t\t\t\t\t<div class=\"elementor-element elementor-element-14c937e elementor-widget elementor-widget-html\" data-id=\"14c937e\" data-element_type=\"widget\" data-e-type=\"widget\" data-widget_type=\"html.default\">\n\t\t\t\t<div class=\"elementor-widget-container\">\n\t\t\t\t\t\r\n\r\n<div id=\"preise_wrap\">\r\n\r\n<section id=\"preise\" class=\"elementor-section elementor-top-section elementor-element elementor-element-cbd1783 eingerueckt bg_white elementor-section-boxed elementor-section-height-default elementor-section-height-default\">\r\n\r\n<div class=\"elementor-container elementor-column-gap-default\">\r\n\r\n\r\n<div class=\"preise_header\">\r\n\tI nostri abbonamenti smartangel\u00ae: \r\n<\/div>\r\n\r\n<div class=\"preis\" id=\"pr_marathon\">\r\n\t<div class=\"preis_l\">\r\n\t    <div class=\"preis_filler\"><\/div>\r\n\t\t<div class=\"preis_head\">\r\n\t\t\t<div>\r\n\t\t\t\t<span class=\"pr_title donottranslate\" data-no-auto-translation=\"\">Marathon<\/span><span class=\"pr_value\">49<\/span><span class=\"pr_currency\">CHF<\/span>\r\n\t\t\t<\/div>\r\n\t\t\t<div>\r\n\t\t\t\t<span class=\"pr_mtl\">mensile<\/span>\r\n\t\t\t<\/div>\r\n\t\t<\/div>\r\n\t<\/div>\r\n\t<div class=\"preis_r\">\r\n\t\t<div class=\"zeile zeile_1\">Il nostro abbonamento pi\u00f9 economico con una durata di 12 mesi<\/div>\r\n\t\t<div class=\"zeile zeile_2\"><span class=\"preistitel\">Importo totale da pagare in anticipo<\/span>CHF<span class=\"zahl\">588<\/span><\/div>\r\n\t\t<div class=\"zeile zeile_3\"><span class=\"preistitel\">Tassa di connessione una tantum<\/span>CHF<span class=\"zahl\">24<\/span><\/div>\r\n\t<\/div>\r\n<\/div>\r\n    \r\n<div class=\"preis\" id=\"pr_halbmarathon\">\r\n\t<div class=\"preis_l\">\r\n\t    <div class=\"preis_filler\"><\/div>\r\n\t\t<div class=\"preis_head\">\r\n\t\t\t<div>\r\n\t\t\t\t<span class=\"pr_title donottranslate\" data-no-auto-translation=\"\">1\/2 Marathon<\/span><span class=\"pr_value\">52<\/span><span class=\"pr_currency\">CHF<\/span>\r\n\t\t\t<\/div>\r\n\t\t\t<div>\r\n\t\t\t\t<span class=\"pr_mtl\">mensile<\/span>\r\n\t\t\t<\/div>\r\n\t\t<\/div>\r\n\t<\/div>\r\n\t<div class=\"preis_r\">\r\n\t\t<div class=\"zeile zeile_1\">L'abbonamento con 2 rate su un periodo di 12 mesi<\/div>\r\n\t\t<div class=\"zeile zeile_2\"><span class=\"preistitel\">Pagamento: 50% in anticipo\/residuo dopo 6 lun.<\/span>CHF<span class=\"zahl\">624<\/span><\/div>\r\n\t\t<div class=\"zeile zeile_3\"><span class=\"preistitel\">Tassa di connessione una tantum<\/span>CHF<span class=\"zahl\">36<\/span><\/div>\r\n\t<\/div>\r\n<\/div>\r\n\r\n\r\n\r\n<div class=\"preis\" id=\"pr_sprinter\">\r\n\t<div class=\"preis_l\">\r\n\t    <div class=\"preis_filler\"><\/div>\r\n\t\t<div class=\"preis_head\">\r\n\t\t\t<div>\r\n\t\t\t\t<span class=\"pr_title donottranslate\" data-no-auto-translation=\"\">Sprinter<\/span><span class=\"pr_value\">55<\/span><span class=\"pr_currency\">CHF<\/span>\r\n\t\t\t<\/div>\r\n\t\t\t<div>\r\n\t\t\t\t<span class=\"pr_mtl\">mensile<\/span>\r\n\t\t\t<\/div>\r\n\t\t<\/div>\r\n\t<\/div>\r\n\t<div class=\"preis_r\">\r\n\t\t<div class=\"zeile zeile_1\">L'abbonamento per i principianti ha una durata di 6 mesi.<\/div>\r\n\t\t<div class=\"zeile zeile_2\"><span class=\"preistitel\">Importo totale da pagare in anticipo<\/span>CHF<span class=\"zahl\">330<\/span><\/div>\r\n\t\t<div class=\"zeile zeile_3\"><span class=\"preistitel\">Tassa di connessione una tantum<\/span>CHF<span class=\"zahl\">48<\/span><\/div>\r\n\t<\/div>\r\n<\/div>\r\n\t\r\n\t\r\n<div class=\"preis\" id=\"pr_runner\">\r\n\t<div class=\"preis_l\">\r\n\t    <div class=\"preis_filler\"><\/div>\r\n\t\t<div class=\"preis_head\">\r\n\t\t\t<div>\r\n\t\t\t\t<span class=\"pr_title donottranslate\" data-no-auto-translation=\"\">Runner<\/span><span class=\"pr_value\">58<\/span><span class=\"pr_currency\">CHF<\/span>\r\n\t\t\t<\/div>\r\n\t\t\t<div>\r\n\t\t\t\t<span class=\"pr_mtl\">mensile<\/span>\r\n\t\t\t<\/div>\r\n\t\t<\/div>\r\n\t<\/div>\r\n\t<div class=\"preis_r\">\r\n\t\t<div class=\"zeile zeile_1\">Il nostro abbonamento di prova della durata di 3 mesi<\/div>\r\n\t\t<div class=\"zeile zeile_2\"><span class=\"preistitel\">Importo totale da pagare in anticipo<\/span>CHF<span class=\"zahl\">174<\/span><\/div>\r\n\t\t<div class=\"zeile zeile_3\"><span class=\"preistitel\">Tassa di connessione una tantum<\/span>CHF<span class=\"zahl\">60<\/span><\/div>\r\n\t<\/div>\r\n<\/div>\r\n\t\r\n\t\r\n\t\r\n<\/div>\t\r\n\t\r\n\t<\/section>\r\n<\/div>\t\t\t\t<\/div>\n\t\t\t\t<\/div>\n\t\t\t\t<div class=\"elementor-element elementor-element-056a080 elementor-widget elementor-widget-html\" data-id=\"056a080\" data-element_type=\"widget\" data-e-type=\"widget\" id=\"preisangel\" data-widget_type=\"html.default\">\n\t\t\t\t<div class=\"elementor-widget-container\">\n\t\t\t\t\t<div>\n    <img decoding=\"async\" src=\"\/wp-content\/themes\/custom\/Angel_bggruen.svg\" alt=\"Angel Icon\" \/>\n<\/div>\t\t\t\t<\/div>\n\t\t\t\t<\/div>\n\t\t\t\t<div class=\"elementor-element elementor-element-f21fcba elementor-widget elementor-widget-html\" data-id=\"f21fcba\" data-element_type=\"widget\" data-e-type=\"widget\" data-widget_type=\"html.default\">\n\t\t\t\t<div class=\"elementor-widget-container\">\n\t\t\t\t\t<div id=\"zumAntragsformularWrapper\">\n    <a id=\"zumAntragsformular\" href=\"\/wp-content\/uploads\/Form_ordine_SmartAngel.pdf\" download=\"Antragsformular\" target=\"_blank\" class=\"button\">Al modulo d'ordine<\/a>\n<\/div>\t\t\t\t<\/div>\n\t\t\t\t<\/div>\n\t\t\t\t<div class=\"elementor-element elementor-element-7c6eed7 elementor-widget elementor-widget-html\" data-id=\"7c6eed7\" data-element_type=\"widget\" data-e-type=\"widget\" data-widget_type=\"html.default\">\n\t\t\t\t<div class=\"elementor-widget-container\">\n\t\t\t\t\t<div id=\"wecareabbinder\" class=\"abbinderlinksunten\">\n    <img decoding=\"async\" src=\"\/wp-content\/themes\/custom\/WeCare.png\" \/>\n<\/div>\t\t\t\t<\/div>\n\t\t\t\t<\/div>\n\t\t\t\t\t<\/div>\n\t\t<\/div>\n\t\t\t\t\t<\/div>\n\t\t<\/section>\n\t\t\t\t<\/div>","protected":false},"excerpt":{"rendered":"<p>smartangel\u00ae &#8211; auch preislich himmlisch gut Gesundheit und pers\u00f6nliche Sicherheit m\u00fcssen nicht teuer sein. Wir bieten Ihnen ein transparentes Abo-System, ohne versteckte Kosten zum fair kalkulierten Preis. Einheitlicher Preis f\u00fcr ANG1 und ANG2. S\u00e4mtliche Abos sind All-Inklusive f\u00fcr die Schweiz. Keine weiteren Geb\u00fchren oder Module mit Aufpreis! Alle Preise exkl. der gesetzlichen Mehrwertsteuer. Unsere smartangel\u00ae [&hellip;]<\/p>\n","protected":false},"author":2,"featured_media":0,"parent":0,"menu_order":3,"comment_status":"closed","ping_status":"closed","template":"","meta":{"inline_featured_image":false,"footnotes":""},"class_list":["post-44","page","type-page","status-publish","hentry"],"yoast_head":"<!-- This site is optimized with the Yoast SEO plugin v27.3 - https:\/\/yoast.com\/product\/yoast-seo-wordpress\/ -->\n<title>Preise - SmartAngel<\/title>\n<meta name=\"robots\" content=\"index, follow, max-snippet:-1, max-image-preview:large, max-video-preview:-1\" \/>\n<link rel=\"canonical\" href=\"https:\/\/smartangel.ch\/it\/preise\/\" \/>\n<meta property=\"og:locale\" content=\"it_IT\" \/>\n<meta property=\"og:type\" content=\"article\" \/>\n<meta property=\"og:title\" content=\"Preise - SmartAngel\" \/>\n<meta property=\"og:description\" content=\"smartangel\u00ae &#8211; auch preislich himmlisch gut Gesundheit und pers\u00f6nliche Sicherheit m\u00fcssen nicht teuer sein. Wir bieten Ihnen ein transparentes Abo-System, ohne versteckte Kosten zum fair kalkulierten Preis. Einheitlicher Preis f\u00fcr ANG1 und ANG2. S\u00e4mtliche Abos sind All-Inklusive f\u00fcr die Schweiz. Keine weiteren Geb\u00fchren oder Module mit Aufpreis! Alle Preise exkl. der gesetzlichen Mehrwertsteuer. Unsere smartangel\u00ae [&hellip;]\" \/>\n<meta property=\"og:url\" content=\"https:\/\/smartangel.ch\/it\/preise\/\" \/>\n<meta property=\"og:site_name\" content=\"SmartAngel\" \/>\n<meta property=\"article:modified_time\" content=\"2023-02-20T11:06:26+00:00\" \/>\n<meta property=\"og:image\" content=\"https:\/\/smartangel.ch\/wp-content\/uploads\/Gruppe-465.png\" \/>\n<meta name=\"twitter:card\" content=\"summary_large_image\" \/>\n<meta name=\"twitter:label1\" content=\"Tempo di lettura stimato\" \/>\n\t<meta name=\"twitter:data1\" content=\"1 minuto\" \/>\n<script type=\"application\/ld+json\" class=\"yoast-schema-graph\">{\"@context\":\"https:\\\/\\\/schema.org\",\"@graph\":[{\"@type\":\"WebPage\",\"@id\":\"https:\\\/\\\/smartangel.ch\\\/fr\\\/preise\\\/\",\"url\":\"https:\\\/\\\/smartangel.ch\\\/fr\\\/preise\\\/\",\"name\":\"Preise - SmartAngel\",\"isPartOf\":{\"@id\":\"https:\\\/\\\/smartangel.ch\\\/it\\\/#website\"},\"primaryImageOfPage\":{\"@id\":\"https:\\\/\\\/smartangel.ch\\\/fr\\\/preise\\\/#primaryimage\"},\"image\":{\"@id\":\"https:\\\/\\\/smartangel.ch\\\/fr\\\/preise\\\/#primaryimage\"},\"thumbnailUrl\":\"https:\\\/\\\/smartangel.ch\\\/wp-content\\\/uploads\\\/Gruppe-465.png\",\"datePublished\":\"2023-01-25T15:05:21+00:00\",\"dateModified\":\"2023-02-20T11:06:26+00:00\",\"breadcrumb\":{\"@id\":\"https:\\\/\\\/smartangel.ch\\\/fr\\\/preise\\\/#breadcrumb\"},\"inLanguage\":\"it-IT\",\"potentialAction\":[{\"@type\":\"ReadAction\",\"target\":[\"https:\\\/\\\/smartangel.ch\\\/fr\\\/preise\\\/\"]}]},{\"@type\":\"ImageObject\",\"inLanguage\":\"it-IT\",\"@id\":\"https:\\\/\\\/smartangel.ch\\\/fr\\\/preise\\\/#primaryimage\",\"url\":\"https:\\\/\\\/smartangel.ch\\\/wp-content\\\/uploads\\\/Gruppe-465.png\",\"contentUrl\":\"https:\\\/\\\/smartangel.ch\\\/wp-content\\\/uploads\\\/Gruppe-465.png\"},{\"@type\":\"BreadcrumbList\",\"@id\":\"https:\\\/\\\/smartangel.ch\\\/fr\\\/preise\\\/#breadcrumb\",\"itemListElement\":[{\"@type\":\"ListItem\",\"position\":1,\"name\":\"Home\",\"item\":\"https:\\\/\\\/smartangel.ch\\\/\"},{\"@type\":\"ListItem\",\"position\":2,\"name\":\"Preise\"}]},{\"@type\":\"WebSite\",\"@id\":\"https:\\\/\\\/smartangel.ch\\\/it\\\/#website\",\"url\":\"https:\\\/\\\/smartangel.ch\\\/it\\\/\",\"name\":\"SmartAngel\",\"description\":\"\",\"publisher\":{\"@id\":\"https:\\\/\\\/smartangel.ch\\\/it\\\/#organization\"},\"potentialAction\":[{\"@type\":\"SearchAction\",\"target\":{\"@type\":\"EntryPoint\",\"urlTemplate\":\"https:\\\/\\\/smartangel.ch\\\/it\\\/?s={search_term_string}\"},\"query-input\":{\"@type\":\"PropertyValueSpecification\",\"valueRequired\":true,\"valueName\":\"search_term_string\"}}],\"inLanguage\":\"it-IT\"},{\"@type\":\"Organization\",\"@id\":\"https:\\\/\\\/smartangel.ch\\\/it\\\/#organization\",\"name\":\"SmartAngel\",\"url\":\"https:\\\/\\\/smartangel.ch\\\/it\\\/\",\"logo\":{\"@type\":\"ImageObject\",\"inLanguage\":\"it-IT\",\"@id\":\"https:\\\/\\\/smartangel.ch\\\/it\\\/#\\\/schema\\\/logo\\\/image\\\/\",\"url\":\"https:\\\/\\\/smartangel.ch\\\/wp-content\\\/uploads\\\/smartangel_bunt.svg\",\"contentUrl\":\"https:\\\/\\\/smartangel.ch\\\/wp-content\\\/uploads\\\/smartangel_bunt.svg\",\"width\":254,\"height\":37,\"caption\":\"SmartAngel\"},\"image\":{\"@id\":\"https:\\\/\\\/smartangel.ch\\\/it\\\/#\\\/schema\\\/logo\\\/image\\\/\"}}]}<\/script>\n<!-- \/ Yoast SEO plugin. -->","yoast_head_json":{"title":"Preise - SmartAngel","robots":{"index":"index","follow":"follow","max-snippet":"max-snippet:-1","max-image-preview":"max-image-preview:large","max-video-preview":"max-video-preview:-1"},"canonical":"https:\/\/smartangel.ch\/it\/preise\/","og_locale":"it_IT","og_type":"article","og_title":"Preise - SmartAngel","og_description":"smartangel\u00ae &#8211; auch preislich himmlisch gut Gesundheit und pers\u00f6nliche Sicherheit m\u00fcssen nicht teuer sein. Wir bieten Ihnen ein transparentes Abo-System, ohne versteckte Kosten zum fair kalkulierten Preis. Einheitlicher Preis f\u00fcr ANG1 und ANG2. S\u00e4mtliche Abos sind All-Inklusive f\u00fcr die Schweiz. Keine weiteren Geb\u00fchren oder Module mit Aufpreis! Alle Preise exkl. der gesetzlichen Mehrwertsteuer. Unsere smartangel\u00ae [&hellip;]","og_url":"https:\/\/smartangel.ch\/it\/preise\/","og_site_name":"SmartAngel","article_modified_time":"2023-02-20T11:06:26+00:00","og_image":[{"url":"https:\/\/smartangel.ch\/wp-content\/uploads\/Gruppe-465.png","type":"","width":"","height":""}],"twitter_card":"summary_large_image","twitter_misc":{"Tempo di lettura stimato":"1 minuto"},"schema":{"@context":"https:\/\/schema.org","@graph":[{"@type":"WebPage","@id":"https:\/\/smartangel.ch\/fr\/preise\/","url":"https:\/\/smartangel.ch\/fr\/preise\/","name":"Preise - SmartAngel","isPartOf":{"@id":"https:\/\/smartangel.ch\/it\/#website"},"primaryImageOfPage":{"@id":"https:\/\/smartangel.ch\/fr\/preise\/#primaryimage"},"image":{"@id":"https:\/\/smartangel.ch\/fr\/preise\/#primaryimage"},"thumbnailUrl":"https:\/\/smartangel.ch\/wp-content\/uploads\/Gruppe-465.png","datePublished":"2023-01-25T15:05:21+00:00","dateModified":"2023-02-20T11:06:26+00:00","breadcrumb":{"@id":"https:\/\/smartangel.ch\/fr\/preise\/#breadcrumb"},"inLanguage":"it-IT","potentialAction":[{"@type":"ReadAction","target":["https:\/\/smartangel.ch\/fr\/preise\/"]}]},{"@type":"ImageObject","inLanguage":"it-IT","@id":"https:\/\/smartangel.ch\/fr\/preise\/#primaryimage","url":"https:\/\/smartangel.ch\/wp-content\/uploads\/Gruppe-465.png","contentUrl":"https:\/\/smartangel.ch\/wp-content\/uploads\/Gruppe-465.png"},{"@type":"BreadcrumbList","@id":"https:\/\/smartangel.ch\/fr\/preise\/#breadcrumb","itemListElement":[{"@type":"ListItem","position":1,"name":"Home","item":"https:\/\/smartangel.ch\/"},{"@type":"ListItem","position":2,"name":"Preise"}]},{"@type":"WebSite","@id":"https:\/\/smartangel.ch\/it\/#website","url":"https:\/\/smartangel.ch\/it\/","name":"SmartAngel","description":"","publisher":{"@id":"https:\/\/smartangel.ch\/it\/#organization"},"potentialAction":[{"@type":"SearchAction","target":{"@type":"EntryPoint","urlTemplate":"https:\/\/smartangel.ch\/it\/?s={search_term_string}"},"query-input":{"@type":"PropertyValueSpecification","valueRequired":true,"valueName":"search_term_string"}}],"inLanguage":"it-IT"},{"@type":"Organization","@id":"https:\/\/smartangel.ch\/it\/#organization","name":"SmartAngel","url":"https:\/\/smartangel.ch\/it\/","logo":{"@type":"ImageObject","inLanguage":"it-IT","@id":"https:\/\/smartangel.ch\/it\/#\/schema\/logo\/image\/","url":"https:\/\/smartangel.ch\/wp-content\/uploads\/smartangel_bunt.svg","contentUrl":"https:\/\/smartangel.ch\/wp-content\/uploads\/smartangel_bunt.svg","width":254,"height":37,"caption":"SmartAngel"},"image":{"@id":"https:\/\/smartangel.ch\/it\/#\/schema\/logo\/image\/"}}]}},"_links":{"self":[{"href":"https:\/\/smartangel.ch\/it\/wp-json\/wp\/v2\/pages\/44","targetHints":{"allow":["GET"]}}],"collection":[{"href":"https:\/\/smartangel.ch\/it\/wp-json\/wp\/v2\/pages"}],"about":[{"href":"https:\/\/smartangel.ch\/it\/wp-json\/wp\/v2\/types\/page"}],"author":[{"embeddable":true,"href":"https:\/\/smartangel.ch\/it\/wp-json\/wp\/v2\/users\/2"}],"replies":[{"embeddable":true,"href":"https:\/\/smartangel.ch\/it\/wp-json\/wp\/v2\/comments?post=44"}],"version-history":[{"count":220,"href":"https:\/\/smartangel.ch\/it\/wp-json\/wp\/v2\/pages\/44\/revisions"}],"predecessor-version":[{"id":986,"href":"https:\/\/smartangel.ch\/it\/wp-json\/wp\/v2\/pages\/44\/revisions\/986"}],"wp:attachment":[{"href":"https:\/\/smartangel.ch\/it\/wp-json\/wp\/v2\/media?parent=44"}],"curies":[{"name":"wp","href":"https:\/\/api.w.org\/{rel}","templated":true}]}}