{"id":675,"date":"2023-02-12T12:31:20","date_gmt":"2023-02-12T11:31:20","guid":{"rendered":"https:\/\/smartangel.ch\/?page_id=675"},"modified":"2023-02-14T16:05:58","modified_gmt":"2023-02-14T15:05:58","slug":"kontakt","status":"publish","type":"page","link":"https:\/\/smartangel.ch\/en\/kontakt\/","title":{"rendered":"Contact"},"content":{"rendered":"<div data-elementor-type=\"wp-page\" data-elementor-id=\"675\" class=\"elementor elementor-675\" data-elementor-post-type=\"page\">\n\t\t\t\t\t\t<section class=\"elementor-section elementor-top-section elementor-element elementor-element-8d41770 eingerueckt elementor-section-boxed elementor-section-height-default elementor-section-height-default\" data-id=\"8d41770\" data-element_type=\"section\" data-e-type=\"section\">\n\t\t\t\t\t\t<div class=\"elementor-container elementor-column-gap-default\">\n\t\t\t\t\t<div class=\"elementor-column elementor-col-100 elementor-top-column elementor-element elementor-element-2247e72\" data-id=\"2247e72\" data-element_type=\"column\" data-e-type=\"column\">\n\t\t\t<div class=\"elementor-widget-wrap elementor-element-populated\">\n\t\t\t\t\t\t<section class=\"elementor-section elementor-inner-section elementor-element elementor-element-193bdd6 elementor-section-boxed elementor-section-height-default elementor-section-height-default\" data-id=\"193bdd6\" data-element_type=\"section\" data-e-type=\"section\">\n\t\t\t\t\t\t<div class=\"elementor-container elementor-column-gap-default\">\n\t\t\t\t\t<div class=\"elementor-column elementor-col-100 elementor-inner-column elementor-element elementor-element-eaa703a\" data-id=\"eaa703a\" data-element_type=\"column\" data-e-type=\"column\">\n\t\t\t<div class=\"elementor-widget-wrap elementor-element-populated\">\n\t\t\t\t\t\t<div class=\"elementor-element elementor-element-7b34f71 elementor-widget elementor-widget-text-editor\" data-id=\"7b34f71\" data-element_type=\"widget\" data-e-type=\"widget\" data-widget_type=\"text-editor.default\">\n\t\t\t\t<div class=\"elementor-widget-container\">\n\t\t\t\t\t\t\t\t\t<h1>Would like to have...<\/h1><p>Currently, you can purchase the smartangel system exclusively via our website. We are currently working at full speed to be able to offer you our products in stationary trade as well.<\/p><p>If you would like to order from us, have any questions or suggestions, or would like more information about our products, please fill out the form below. We will contact you as soon as possible.<\/p><p>Your team from smartangel\u00ae<\/p><p>\u00a0<\/p>\t\t\t\t\t\t\t\t<\/div>\n\t\t\t\t<\/div>\n\t\t\t\t\t<\/div>\n\t\t<\/div>\n\t\t\t\t\t<\/div>\n\t\t<\/section>\n\t\t\t\t\t<\/div>\n\t\t<\/div>\n\t\t\t\t\t<\/div>\n\t\t<\/section>\n\t\t\t\t<section class=\"elementor-section elementor-top-section elementor-element elementor-element-f046c2d eingerueckt elementor-section-boxed elementor-section-height-default elementor-section-height-default\" data-id=\"f046c2d\" data-element_type=\"section\" data-e-type=\"section\">\n\t\t\t\t\t\t<div class=\"elementor-container elementor-column-gap-default\">\n\t\t\t\t\t<div class=\"elementor-column elementor-col-100 elementor-top-column elementor-element elementor-element-252d8c6\" data-id=\"252d8c6\" data-element_type=\"column\" data-e-type=\"column\">\n\t\t\t<div class=\"elementor-widget-wrap elementor-element-populated\">\n\t\t\t\t\t\t<div class=\"elementor-element elementor-element-3090b36 elementor-widget elementor-widget-html\" data-id=\"3090b36\" data-element_type=\"widget\" data-e-type=\"widget\" data-widget_type=\"html.default\">\n\t\t\t\t<div class=\"elementor-widget-container\">\n\t\t\t\t\t\n<div class=\"wpcf7 no-js\" id=\"wpcf7-f681-o1\" lang=\"de-CH\" dir=\"ltr\" data-wpcf7-id=\"681\">\n<div class=\"screen-reader-response\"><p role=\"status\" aria-live=\"polite\" aria-atomic=\"true\"><\/p> <ul><\/ul><\/div>\n<form action=\"\/en\/wp-json\/wp\/v2\/pages\/675#wpcf7-f681-o1\" method=\"post\" class=\"wpcf7-form init\" aria-label=\"Contact form\" enctype=\"multipart\/form-data\" novalidate=\"novalidate\" data-status=\"init\" data-trp-original-action=\"\/en\/wp-json\/wp\/v2\/pages\/675#wpcf7-f681-o1\">\n<fieldset class=\"hidden-fields-container\"><input type=\"hidden\" name=\"_wpcf7\" value=\"681\" \/><input type=\"hidden\" name=\"_wpcf7_version\" value=\"6.1.5\" \/><input type=\"hidden\" name=\"_wpcf7_locale\" value=\"de_CH\" \/><input type=\"hidden\" name=\"_wpcf7_unit_tag\" value=\"wpcf7-f681-o1\" \/><input type=\"hidden\" name=\"_wpcf7_container_post\" value=\"0\" \/><input type=\"hidden\" name=\"_wpcf7_posted_data_hash\" value=\"\" \/><input type=\"hidden\" name=\"_wpcf7_recaptcha_response\" value=\"\" \/>\n<\/fieldset>\n<p><label> Name, first name <\/label><br \/>\n<span class=\"wpcf7-form-control-wrap\" data-name=\"your-name\"><input size=\"40\" maxlength=\"400\" class=\"wpcf7-form-control wpcf7-text wpcf7-validates-as-required\" autocomplete=\"name\" aria-required=\"true\" aria-invalid=\"false\" value=\"\" type=\"text\" name=\"your-name\" \/><\/span>\n<\/p>\n<p><label> E-mail <\/label><br \/>\n<span class=\"wpcf7-form-control-wrap\" data-name=\"your-email\"><input size=\"40\" maxlength=\"400\" class=\"wpcf7-form-control wpcf7-email wpcf7-validates-as-required wpcf7-text wpcf7-validates-as-email\" autocomplete=\"email\" aria-required=\"true\" aria-invalid=\"false\" value=\"\" type=\"email\" name=\"your-email\" \/><\/span>\n<\/p>\n<p><label> Phone number <\/label><br \/>\n<span class=\"wpcf7-form-control-wrap\" data-name=\"your-subject\"><input size=\"40\" maxlength=\"400\" class=\"wpcf7-form-control wpcf7-text wpcf7-validates-as-required\" aria-required=\"true\" aria-invalid=\"false\" value=\"\" type=\"text\" name=\"your-subject\" \/><\/span>\n<\/p>\n<p><label> Your message<\/label><br \/>\n<span class=\"wpcf7-form-control-wrap\" data-name=\"your-message\"><textarea cols=\"40\" rows=\"10\" maxlength=\"2000\" class=\"wpcf7-form-control wpcf7-textarea wpcf7-validates-as-required\" aria-required=\"true\" aria-invalid=\"false\" name=\"your-message\"><\/textarea><\/span>\n<\/p>\n<p><span class=\"wpcf7-form-control-wrap\" data-name=\"Document\"><input size=\"40\" class=\"wpcf7-form-control wpcf7-file\" id=\"file-do\" accept=\".pdf\" aria-invalid=\"false\" type=\"file\" name=\"Document\" \/><\/span>\n<\/p>\n<p><input class=\"wpcf7-form-control wpcf7-submit has-spinner\" type=\"submit\" value=\"Submit\" \/>\n<\/p><div class=\"wpcf7-response-output\" aria-hidden=\"true\"><\/div>\n<input type=\"hidden\" name=\"trp-form-language\" value=\"en\"\/><\/form>\n<\/div>\n\t\t\t\t<\/div>\n\t\t\t\t<\/div>\n\t\t\t\t\t<\/div>\n\t\t<\/div>\n\t\t\t\t\t<\/div>\n\t\t<\/section>\n\t\t\t\t<\/div>","protected":false},"excerpt":{"rendered":"<p>M\u00f6chte ich haben\u2026 Aktuell k\u00f6nnen Sie das smartangel-System ausschlie\u00dflich \u00fcber unsere Webseite beziehen. Wir arbeiten derzeit mit Hochdruck daran, Ihnen unsere Produkte auch im station\u00e4ren Handel anbieten zu k\u00f6nnen. Wenn Sie bei uns bestellen m\u00f6chten, Fragen oder Anregungen haben oder weitere Informationen zu unseren Produkten w\u00fcnschen, dann f\u00fcllen Sie bitte das nachfolgende Formular aus, Wir [&hellip;]<\/p>\n","protected":false},"author":2,"featured_media":0,"parent":0,"menu_order":4,"comment_status":"closed","ping_status":"closed","template":"","meta":{"inline_featured_image":false,"footnotes":""},"class_list":["post-675","page","type-page","status-publish","hentry"],"yoast_head":"<!-- This site is optimized with the Yoast SEO plugin v27.4 - https:\/\/yoast.com\/product\/yoast-seo-wordpress\/ -->\n<title>Kontakt - SmartAngel<\/title>\n<meta name=\"robots\" content=\"index, follow, max-snippet:-1, max-image-preview:large, max-video-preview:-1\" \/>\n<link rel=\"canonical\" href=\"https:\/\/smartangel.ch\/en\/kontakt\/\" \/>\n<meta property=\"og:locale\" content=\"en_US\" \/>\n<meta property=\"og:type\" content=\"article\" \/>\n<meta property=\"og:title\" content=\"Kontakt - SmartAngel\" \/>\n<meta property=\"og:description\" content=\"M\u00f6chte ich haben\u2026 Aktuell k\u00f6nnen Sie das smartangel-System ausschlie\u00dflich \u00fcber unsere Webseite beziehen. Wir arbeiten derzeit mit Hochdruck daran, Ihnen unsere Produkte auch im station\u00e4ren Handel anbieten zu k\u00f6nnen. Wenn Sie bei uns bestellen m\u00f6chten, Fragen oder Anregungen haben oder weitere Informationen zu unseren Produkten w\u00fcnschen, dann f\u00fcllen Sie bitte das nachfolgende Formular aus, Wir [&hellip;]\" \/>\n<meta property=\"og:url\" content=\"https:\/\/smartangel.ch\/en\/kontakt\/\" \/>\n<meta property=\"og:site_name\" content=\"SmartAngel\" \/>\n<meta property=\"article:modified_time\" content=\"2023-02-14T15:05:58+00:00\" \/>\n<meta name=\"twitter:card\" content=\"summary_large_image\" \/>\n<script type=\"application\/ld+json\" class=\"yoast-schema-graph\">{\"@context\":\"https:\\\/\\\/schema.org\",\"@graph\":[{\"@type\":\"WebPage\",\"@id\":\"https:\\\/\\\/smartangel.ch\\\/en\\\/kontakt\\\/\",\"url\":\"https:\\\/\\\/smartangel.ch\\\/en\\\/kontakt\\\/\",\"name\":\"Kontakt - SmartAngel\",\"isPartOf\":{\"@id\":\"https:\\\/\\\/smartangel.ch\\\/it\\\/#website\"},\"datePublished\":\"2023-02-12T11:31:20+00:00\",\"dateModified\":\"2023-02-14T15:05:58+00:00\",\"breadcrumb\":{\"@id\":\"https:\\\/\\\/smartangel.ch\\\/en\\\/kontakt\\\/#breadcrumb\"},\"inLanguage\":\"en-US\",\"potentialAction\":[{\"@type\":\"ReadAction\",\"target\":[\"https:\\\/\\\/smartangel.ch\\\/en\\\/kontakt\\\/\"]}]},{\"@type\":\"BreadcrumbList\",\"@id\":\"https:\\\/\\\/smartangel.ch\\\/en\\\/kontakt\\\/#breadcrumb\",\"itemListElement\":[{\"@type\":\"ListItem\",\"position\":1,\"name\":\"Home\",\"item\":\"https:\\\/\\\/smartangel.ch\\\/\"},{\"@type\":\"ListItem\",\"position\":2,\"name\":\"Kontakt\"}]},{\"@type\":\"WebSite\",\"@id\":\"https:\\\/\\\/smartangel.ch\\\/it\\\/#website\",\"url\":\"https:\\\/\\\/smartangel.ch\\\/it\\\/\",\"name\":\"SmartAngel\",\"description\":\"\",\"publisher\":{\"@id\":\"https:\\\/\\\/smartangel.ch\\\/it\\\/#organization\"},\"potentialAction\":[{\"@type\":\"SearchAction\",\"target\":{\"@type\":\"EntryPoint\",\"urlTemplate\":\"https:\\\/\\\/smartangel.ch\\\/it\\\/?s={search_term_string}\"},\"query-input\":{\"@type\":\"PropertyValueSpecification\",\"valueRequired\":true,\"valueName\":\"search_term_string\"}}],\"inLanguage\":\"en-US\"},{\"@type\":\"Organization\",\"@id\":\"https:\\\/\\\/smartangel.ch\\\/it\\\/#organization\",\"name\":\"SmartAngel\",\"url\":\"https:\\\/\\\/smartangel.ch\\\/it\\\/\",\"logo\":{\"@type\":\"ImageObject\",\"inLanguage\":\"en-US\",\"@id\":\"https:\\\/\\\/smartangel.ch\\\/it\\\/#\\\/schema\\\/logo\\\/image\\\/\",\"url\":\"https:\\\/\\\/smartangel.ch\\\/wp-content\\\/uploads\\\/smartangel_bunt.svg\",\"contentUrl\":\"https:\\\/\\\/smartangel.ch\\\/wp-content\\\/uploads\\\/smartangel_bunt.svg\",\"width\":254,\"height\":37,\"caption\":\"SmartAngel\"},\"image\":{\"@id\":\"https:\\\/\\\/smartangel.ch\\\/it\\\/#\\\/schema\\\/logo\\\/image\\\/\"}}]}<\/script>\n<!-- \/ Yoast SEO plugin. -->","yoast_head_json":{"title":"Kontakt - SmartAngel","robots":{"index":"index","follow":"follow","max-snippet":"max-snippet:-1","max-image-preview":"max-image-preview:large","max-video-preview":"max-video-preview:-1"},"canonical":"https:\/\/smartangel.ch\/en\/kontakt\/","og_locale":"en_US","og_type":"article","og_title":"Kontakt - SmartAngel","og_description":"M\u00f6chte ich haben\u2026 Aktuell k\u00f6nnen Sie das smartangel-System ausschlie\u00dflich \u00fcber unsere Webseite beziehen. Wir arbeiten derzeit mit Hochdruck daran, Ihnen unsere Produkte auch im station\u00e4ren Handel anbieten zu k\u00f6nnen. Wenn Sie bei uns bestellen m\u00f6chten, Fragen oder Anregungen haben oder weitere Informationen zu unseren Produkten w\u00fcnschen, dann f\u00fcllen Sie bitte das nachfolgende Formular aus, Wir [&hellip;]","og_url":"https:\/\/smartangel.ch\/en\/kontakt\/","og_site_name":"SmartAngel","article_modified_time":"2023-02-14T15:05:58+00:00","twitter_card":"summary_large_image","schema":{"@context":"https:\/\/schema.org","@graph":[{"@type":"WebPage","@id":"https:\/\/smartangel.ch\/en\/kontakt\/","url":"https:\/\/smartangel.ch\/en\/kontakt\/","name":"Kontakt - SmartAngel","isPartOf":{"@id":"https:\/\/smartangel.ch\/it\/#website"},"datePublished":"2023-02-12T11:31:20+00:00","dateModified":"2023-02-14T15:05:58+00:00","breadcrumb":{"@id":"https:\/\/smartangel.ch\/en\/kontakt\/#breadcrumb"},"inLanguage":"en-US","potentialAction":[{"@type":"ReadAction","target":["https:\/\/smartangel.ch\/en\/kontakt\/"]}]},{"@type":"BreadcrumbList","@id":"https:\/\/smartangel.ch\/en\/kontakt\/#breadcrumb","itemListElement":[{"@type":"ListItem","position":1,"name":"Home","item":"https:\/\/smartangel.ch\/"},{"@type":"ListItem","position":2,"name":"Kontakt"}]},{"@type":"WebSite","@id":"https:\/\/smartangel.ch\/it\/#website","url":"https:\/\/smartangel.ch\/it\/","name":"SmartAngel","description":"","publisher":{"@id":"https:\/\/smartangel.ch\/it\/#organization"},"potentialAction":[{"@type":"SearchAction","target":{"@type":"EntryPoint","urlTemplate":"https:\/\/smartangel.ch\/it\/?s={search_term_string}"},"query-input":{"@type":"PropertyValueSpecification","valueRequired":true,"valueName":"search_term_string"}}],"inLanguage":"en-US"},{"@type":"Organization","@id":"https:\/\/smartangel.ch\/it\/#organization","name":"SmartAngel","url":"https:\/\/smartangel.ch\/it\/","logo":{"@type":"ImageObject","inLanguage":"en-US","@id":"https:\/\/smartangel.ch\/it\/#\/schema\/logo\/image\/","url":"https:\/\/smartangel.ch\/wp-content\/uploads\/smartangel_bunt.svg","contentUrl":"https:\/\/smartangel.ch\/wp-content\/uploads\/smartangel_bunt.svg","width":254,"height":37,"caption":"SmartAngel"},"image":{"@id":"https:\/\/smartangel.ch\/it\/#\/schema\/logo\/image\/"}}]}},"_links":{"self":[{"href":"https:\/\/smartangel.ch\/en\/wp-json\/wp\/v2\/pages\/675","targetHints":{"allow":["GET"]}}],"collection":[{"href":"https:\/\/smartangel.ch\/en\/wp-json\/wp\/v2\/pages"}],"about":[{"href":"https:\/\/smartangel.ch\/en\/wp-json\/wp\/v2\/types\/page"}],"author":[{"embeddable":true,"href":"https:\/\/smartangel.ch\/en\/wp-json\/wp\/v2\/users\/2"}],"replies":[{"embeddable":true,"href":"https:\/\/smartangel.ch\/en\/wp-json\/wp\/v2\/comments?post=675"}],"version-history":[{"count":16,"href":"https:\/\/smartangel.ch\/en\/wp-json\/wp\/v2\/pages\/675\/revisions"}],"predecessor-version":[{"id":693,"href":"https:\/\/smartangel.ch\/en\/wp-json\/wp\/v2\/pages\/675\/revisions\/693"}],"wp:attachment":[{"href":"https:\/\/smartangel.ch\/en\/wp-json\/wp\/v2\/media?parent=675"}],"curies":[{"name":"wp","href":"https:\/\/api.w.org\/{rel}","templated":true}]}}